{"id":376,"date":"2022-02-05T19:16:33","date_gmt":"2022-02-05T18:16:33","guid":{"rendered":"http:\/\/produccionestecnicas.com\/?page_id=376"},"modified":"2022-07-19T23:19:57","modified_gmt":"2022-07-19T21:19:57","slug":"carlos-marchante","status":"publish","type":"page","link":"https:\/\/produccionestecnicas.com\/index.php\/carlos-marchante\/","title":{"rendered":"CARLOS MARCHANTE"},"content":{"rendered":"<div data-label=\"carlosmarchante1\" data-id=\"about--4\" data-export-id=\"about-1\" data-category=\"about\" class=\"about-1 content-section content-relative\" id=\"carlosmarchante1\" style=\"background-color: rgb(255, 255, 255); background-image: none;\" data-section-ov=\"1\">\n<div class=\"\">\n<div class=\"row text-center\">\n<div class=\"section-title-col\" data-type=\"column\">\n<h2 class=\"\"><span style=\"font-weight: 700;\">NO s\u00f3lo DJ, 3 d\u00e9cadas so\u00f1ando y disfrutando<\/span><span id=\"_mce_caret\" data-mce-bogus=\"1\" data-mce-type=\"format-caret\"><span style=\"font-family: Quicksand, arial, helvetica, sans-serif; font-weight: 700;\">\ufeff<\/span><\/span><\/h2>\n<p class=\"lead\" style=\"text-align: justify;\"><span style=\"font-family: Montserrat, arial, helvetica, sans-serif; font-weight: 400;\">Pertenezco a la <span style=\"color: rgb(234, 29, 117); font-style: italic; font-family: Quicksand, arial, helvetica, sans-serif; font-weight: 700;\">Generaci\u00f3n X<\/span>, primeros en conocer el CD, el walkman e internet. He vivido de pleno el boom tecnol\u00f3gico y como consecuencia el profundo cambio de la producci\u00f3n de bodas y eventos hasta el d\u00eda de hoy.<\/span>\n<span style=\"font-family: Montserrat, arial, helvetica, sans-serif; font-weight: 400;\">\nMe considero organizado, meticuloso, exigente, perfeccionista y mimo hasta el \u00faltimo detalle de mi trabajo, me gusta escuchar y aprender.<\/span>\n<span style=\"font-family: Montserrat, arial, helvetica, sans-serif; font-weight: 400;\">\nMi trabajo es asesorar, planificar, coordinar, desarrollar y ejecutar todo lo relacionado con el sonido \u2013 iluminaci\u00f3n \u2013 video \u2013 artistas \u2013 entretenimiento, seg\u00fan gustos y preferencias de los clientes, realizando una celebraci\u00f3n personalizada, \u00fanica y sin contratiempos.<\/span><\/p>\n\n<\/div>\n<\/div>\n<div class=\"row\">\n<div class=\"button-holder space-bottom space-bottom-small\" data-type=\"column\"><\/div>\n<div class=\"col-xs bottom-xs flexbox image-group-bottom-3-img space-bottom-xs center-xs\"> <a data-cp-link=\"1\" href=\"https:\/\/i0.wp.com\/www.carlosmarchante.com\/test\/wp-content\/uploads\/2022\/03\/discoteca-pista-baile-boda.jpg\" class=\"left-img-anchor\" target=\"_self\" rel=\"lightbox[376] noopener\"><img fetchpriority=\"high\" decoding=\"async\" class=\"left-img shadow-large-black jetpack-lazy-image jetpack-lazy-image--handled\" data-size=\"500x300\" src=\"https:\/\/i0.wp.com\/www.carlosmarchante.com\/test\/wp-content\/uploads\/2022\/03\/discoteca-pista-baile-boda.jpg?w=3840\" data-lazy-loaded=\"1\" loading=\"eager\" title=\"events-by-carlos-marchante\" alt=\"\" width=\"534\" height=\"356\"><\/a> <img decoding=\"async\" class=\"center-img shadow-large-black jetpack-lazy-image jetpack-lazy-image--handled\" data-size=\"500x300\" src=\"https:\/\/i0.wp.com\/www.carlosmarchante.com\/test\/wp-content\/uploads\/2022\/04\/iluminacion-discoteca-movil.jpg?w=3840\" data-lazy-loaded=\"1\" loading=\"eager\" title=\"iluminacion-discoteca-movil\" alt=\"\" width=\"641\" height=\"385\"> <a data-cp-link=\"1\" href=\"https:\/\/i0.wp.com\/www.carlosmarchante.com\/test\/wp-content\/uploads\/2022\/03\/iluminacion-photocall-evento-empresa.jpg\" class=\"right-img-anchor\" target=\"_self\" rel=\"lightbox[376] noopener\"><img decoding=\"async\" class=\"right-img shadow-large-black jetpack-lazy-image jetpack-lazy-image--handled\" data-size=\"500x300\" src=\"https:\/\/i0.wp.com\/www.carlosmarchante.com\/test\/wp-content\/uploads\/2022\/03\/iluminacion-photocall-evento-empresa.jpg?w=3840\" data-lazy-loaded=\"1\" loading=\"eager\" title=\"dj-carlos-marchante\" alt=\"\" width=\"534\" height=\"356\"><\/a><\/div>\n<\/div>\n<\/div>\n<\/div>\n\n<div data-label=\"carlosmarchante2\" data-id=\"about--9\" data-export-id=\"about-4\" data-category=\"about\" class=\"about-4 content-section content-section-spacing\" id=\"carlosmarchante2\" style=\"background-color: rgb(255, 255, 255); background-image: none;\">\n<div class=\"\">\n<div class=\"row middle-sm text-center\">\n<div class=\"col-sm-5 space-bottom-xs\" data-type=\"column\">\n<h5 class=\"\" style=\"text-align: center;\"><span style=\"font-family: Quicksand, arial, helvetica, sans-serif; font-weight: 700;\">1993-2002 DESARROLLO<\/span><\/h5>\n<h2 class=\"\"><span style=\"font-family: Quicksand, arial, helvetica, sans-serif; font-weight: 500; color: rgb(234, 29, 117);\">Start Me Up <span style=\"font-style: italic;\">The Rolling Stones<\/span><\/span><\/h2>\n<p class=\"\" style=\"text-align: justify;\"><span style=\"font-weight: 500;\"><span style=\"font-family: Montserrat, arial, helvetica, sans-serif;\">Todo comenz\u00f3 con un amigo en la localidad costera de Sitges y usando de almac\u00e9n el garaje familiar.<\/span>\n<span style=\"font-family: Montserrat, arial, helvetica, sans-serif;\">\nEl concepto discoteca m\u00f3vil pr\u00e1cticamente no exist\u00eda, los equipos eran escasos y costosos, compramos 2 tocadiscos Technics SL-1200, una mesa de mezclas ECLER MAC 4-2E, 2 altavoces de 200W, una torre de luces con 4 PAR56 de 300W cada uno, un psicod\u00e9lico autom\u00e1tico y unos cuantos vinilos.<\/span>\n<span style=\"font-family: Montserrat, arial, helvetica, sans-serif;\">\nEmpezamos\ufeff a ser conocidos, trabaj\u00e1bamos sin parar en casas particulares y hoteles, principalmente en Sitges, mucha boda y fiesta particular. Hotel Antemare, Hotel Subur Maritim, Restaurante Montgavina, Masia Vilanoveta, Finca Mas Solers, Tenis Turo de Barcelona, Restaurante Tropical en Gava, Mas\u00eda de Esplugas, Hotel Hilton de Barcelona\u2026<\/span><\/span><span id=\"_mce_caret\" data-mce-bogus=\"1\" data-mce-type=\"format-caret\"><span style=\"font-family: Montserrat, arial, helvetica, sans-serif; font-weight: 400;\">\ufeff<\/span><\/span><\/p>\n\n<\/div>\n<div class=\"col-sm-7 flexbox center-xs middle-xs image-group-2-img first-xs last-sm\"> <a data-cp-link=\"1\" href=\"https:\/\/i0.wp.com\/www.carlosmarchante.com\/test\/wp-content\/uploads\/2022\/03\/discoteca-movil-vinilos.jpg\" class=\"img-1-anchor\" target=\"_self\" rel=\"lightbox[376] noopener\"><img decoding=\"async\" class=\"img-1 shadow-large jetpack-lazy-image jetpack-lazy-image--handled\" data-size=\"250x200\" src=\"https:\/\/i0.wp.com\/www.carlosmarchante.com\/test\/wp-content\/uploads\/2022\/03\/discoteca-movil-vinilos.jpg?w=3840\" data-lazy-loaded=\"1\" loading=\"eager\" title=\"Discoteca m\u00f3vil a\u00f1os 90\" alt=\"Discoteca m\u00f3vil de vinilos\" width=\"527\" height=\"351\"><\/a> <a data-cp-link=\"1\" href=\"https:\/\/i0.wp.com\/www.carlosmarchante.com\/test\/wp-content\/uploads\/2022\/03\/carlos-marchante-ritz-barcelona.jpg\" class=\"img-2-anchor\" target=\"_self\" rel=\"lightbox[376] noopener\"><img decoding=\"async\" class=\"img-2 shadow-large jetpack-lazy-image jetpack-lazy-image--handled\" data-size=\"220x170\" src=\"https:\/\/i0.wp.com\/www.carlosmarchante.com\/test\/wp-content\/uploads\/2022\/03\/carlos-marchante-ritz-barcelona.jpg?w=3840\" data-lazy-loaded=\"1\" loading=\"eager\" title=\"Carlos Marchante DJ en Hotel Ritz de Barcelona\" alt=\"Disc-jockey en Hotel Ritz de Barcelona\" width=\"527\" height=\"351\"><\/a><\/div>\n<\/div>\n<\/div>\n<\/div>\n\n<div data-label=\"carlosmarchante3\" data-id=\"about--8\" data-export-id=\"about-4\" data-category=\"about\" class=\"about-4 content-section content-section-spacing\" id=\"carlosmarchante3\" style=\"background-color: rgb(255, 255, 255);\">\n<div class=\"\">\n<div class=\"row middle-sm text-center\">\n<div class=\"col-sm-5 space-bottom-xs\" data-type=\"column\">\n<h5 class=\"\"><span style=\"font-family: Quicksand, arial, helvetica, sans-serif; font-weight: 700;\">2003- 2012 CRECIMIENTO-EXPANSION<\/span><span id=\"_mce_caret\" data-mce-bogus=\"1\" data-mce-type=\"format-caret\"><span style=\"font-family: Quicksand, arial, helvetica, sans-serif; font-weight: 700;\">\ufeff<\/span><\/span><\/h5>\n<h2 class=\"\"><span style=\"font-family: Quicksand, arial, helvetica, sans-serif; font-weight: 500; color: rgb(234, 29, 117);\">It\u2019s a Long Way to the Top <span style=\"font-style: italic;\">AC\/DC<\/span><\/span><span id=\"_mce_caret\" data-mce-bogus=\"1\" data-mce-type=\"format-caret\"><span style=\"font-weight: 500;\">\ufeff<\/span><\/span><\/h2>\n<p class=\"\" style=\"text-align: justify;\"><span style=\"font-family: Montserrat, arial, helvetica, sans-serif; font-weight: 400;\">En los finales de los 90\u2019 pasamos de los vinilos a los CDs, los equipos hab\u00edan evolucionado y ampliamos el negocio, compramos los primeros reproductores de CD Denon DNF-2000, Pioneer CDJ-500S, mesas de mezcla ECLER MAC 40, Pioneer DJM-500S, altavoces de 500W cada uno y una grabadora de CDs para pasar lo mejor de cada vinilo a CD, con 400 canciones hac\u00edamos un baile y nos sobraban.<\/span>\n<span style=\"font-family: Montserrat, arial, helvetica, sans-serif; font-weight: 400;\">\nCreamos Movil Music Productions, SL y seguimos comprando equipos, configurando discotecas m\u00f3viles sin parar, empezamos a hacer montajes m\u00e1s grandes y ofrec\u00edamos todo lo que un espect\u00e1culo pod\u00eda necesitar. Llegamos a hacer 10 bodas el mismo d\u00eda, empez\u00e1bamos a montar equipos fijos en diferentes espacios y a trabajar en los sitios m\u00e1s prestigiosos. Convent de Blanes, Torre del Remei, Hotel Juan Carlos I, Hotel Princesa Sofia, Hotel Arts, Can Mag\u00ed, Bell Rec\u00f3, Bon Vilar, Castell de Sant Mar\u00e7al, Drassanes de Barcelona, Hotel Dolce Sitges, La Dama del Paraguas, Vil.la Sabat, Manso Noguera, Castillo de Clasqueri, Castell de Tamarit, Serrat de l\u2019Ametlla, Mas\u00eda Ca n\u2019Illa, Restaurante El Principal, Golf de Sitges, Golf del Prat, Casa Batllo, Cavas Rondel, Mon Sant Benet, Masia Ribas, Real club N\u00e1utico de Barcelona\u2026<\/span><\/p>\n\n<\/div>\n<div class=\"col-sm-7 flexbox center-xs middle-xs image-group-2-img first-xs last-sm\"> <a data-cp-link=\"1\" href=\"https:\/\/i0.wp.com\/www.carlosmarchante.com\/test\/wp-content\/uploads\/2022\/03\/discoteca-movil-tropical-beach.jpg\" class=\"img-1-anchor\" target=\"_self\" rel=\"lightbox[376] noopener\"><img decoding=\"async\" class=\"img-1 shadow-large jetpack-lazy-image jetpack-lazy-image--handled\" data-size=\"250x200\" src=\"https:\/\/i0.wp.com\/www.carlosmarchante.com\/test\/wp-content\/uploads\/2022\/03\/discoteca-movil-tropical-beach.jpg?w=3840\" data-lazy-loaded=\"1\" loading=\"eager\" title=\"Discoteca m\u00f3vil a\u00f1os 00'\" alt=\"Discoteca m\u00f3vil de CDs\" width=\"527\" height=\"351\"><\/a> <a data-cp-link=\"1\" href=\"https:\/\/i0.wp.com\/www.carlosmarchante.com\/test\/wp-content\/uploads\/2022\/03\/carlos-marchante-disc-jockey.jpg\" class=\"img-2-anchor\" target=\"_self\" rel=\"lightbox[376] noopener\"><img decoding=\"async\" class=\"img-2 shadow-large jetpack-lazy-image jetpack-lazy-image--handled\" data-size=\"220x170\" src=\"https:\/\/i0.wp.com\/www.carlosmarchante.com\/test\/wp-content\/uploads\/2022\/03\/carlos-marchante-disc-jockey.jpg?w=3840\" data-lazy-loaded=\"1\" loading=\"eager\" title=\"Carlos Marchante Restaurante El Principal de Barcelona\" alt=\"Boda en Restaurante El Principal de Barcelona\" width=\"527\" height=\"351\"><\/a><\/div>\n<\/div>\n<\/div>\n<\/div>\n\n<div data-label=\"carlosmarchante4\" data-id=\"about--7\" data-export-id=\"about-4\" data-category=\"about\" class=\"about-4 content-section content-section-spacing\" id=\"carlosmarchante4\" style=\"background-color: rgb(255, 255, 255); background-image: none;\">\n<div class=\"\">\n<div class=\"row middle-sm text-center\">\n<div class=\"col-sm-5 space-bottom-xs\" data-type=\"column\">\n<h5 class=\"\"><span style=\"font-weight: 700;\">2013-2022 MADUREZ<\/span><\/h5>\n<h2 class=\"\"><span style=\"font-family: Quicksand, arial, helvetica, sans-serif; font-weight: 500; color: rgb(234, 29, 117);\">The Show Must Go On&nbsp;<span style=\"font-style: italic;\">Queen<\/span><\/span><\/h2>\n<p class=\"\" style=\"text-align: justify;\"><span style=\"font-family: Montserrat, arial, helvetica, sans-serif; font-weight: 400;\">Comienza la era del led y del MP3, cambiamos los reproductores de CD por controladoras de MP3, cambiamos rockets de 1.000W por iluminaci\u00f3n led-RGB, los psicod\u00e9licos por mesas de iluminaci\u00f3n y los altavoces pasivos por altavoces activos.<\/span>\n<span style=\"font-family: Montserrat, arial, helvetica, sans-serif; font-weight: 400;\">\nMe independizo, creo Events by Carlos Marchante, SL, ya he aprendido todo lo que se puede aprender en una productora de bodas y eventos, dj, t\u00e9cnico de sonido, iluminaci\u00f3n, video y toda esta experiencia me sirve para ofrecer a mis clientes justo lo que necesitan&nbsp;<span style=\"color: rgb(234, 29, 117); font-style: italic; font-family: Quicksand, arial, helvetica, sans-serif; font-weight: 700;\">\u201cmenos es m\u00e1s\u201d<\/span><\/span><span style=\"font-family: Montserrat, arial, helvetica, sans-serif; font-weight: 400;\">&nbsp;esto es lo que m\u00e1s he aprendido estos a\u00f1os, cada cliente es \u00fanico y estar\u00e9 junto a \u00e9l desde el d\u00eda del primer contacto hasta que el \u00faltimo invitado se vaya.<\/span>\n<span style=\"font-family: Montserrat, arial, helvetica, sans-serif; font-weight: 400;\">\nActualmente residente en Bell Rec\u00f3, pero sigo trabajando en m\u00e1s espacios. Hotel W Barcelona, Facultad de Medicina, Real Club de Tenis Barcelona, El Mariner de Sant Pau, Fundaci\u00f3 Miro, Espacio 88, Bloc8, La Baronia, La Llotja de Barcelona, Cine Verdi, Cavas Codorniu, Recinte Modernista de Sant Pau, Sala Oval \u2013 Museu Nacional d\u2019Art de Catalunya, MACBA \u2013 Museo de Arte Contempor\u00e1neo de Barcelona\u2026<\/span><\/p>\n<a class=\"button force-shadow color3 outline\" href=\"http:\/\/produccionestecnicas.com\/index.php\/carlos-marchante\/index.php\/contacto\" target=\"_self\" data-cp-link=\"1\" data-icon=\"\" rel=\"noopener\">Cont\u00e1ctame<\/a>\n\n<\/div>\n<div class=\"col-sm-7 flexbox center-xs middle-xs image-group-2-img first-xs last-sm\"> <a data-cp-link=\"1\" href=\"https:\/\/i0.wp.com\/www.carlosmarchante.com\/test\/wp-content\/uploads\/2022\/03\/iluminacion-pista-cavas-codorniu-.jpg\" class=\"img-1-anchor\" target=\"_self\" rel=\"lightbox[376] noopener\"><img decoding=\"async\" class=\"img-1 shadow-large jetpack-lazy-image jetpack-lazy-image--handled\" data-size=\"250x200\" src=\"https:\/\/i0.wp.com\/www.carlosmarchante.com\/test\/wp-content\/uploads\/2022\/03\/iluminacion-pista-cavas-codorniu-.jpg?w=3840\" data-lazy-loaded=\"1\" loading=\"eager\" title=\"Montaje de iluminaci\u00f3n en Cavas Codorniu para una boda\" alt=\"Iluminaci\u00f3n pista de baile mediante truss y cabezas m\u00f3viles\" width=\"527\" height=\"351\"><\/a> <a data-cp-link=\"1\" href=\"https:\/\/i0.wp.com\/www.carlosmarchante.com\/test\/wp-content\/uploads\/2022\/03\/cabina-dj.jpg\" class=\"img-2-anchor\" target=\"_self\" rel=\"lightbox[376] noopener\"><img decoding=\"async\" class=\"img-2 shadow-large jetpack-lazy-image jetpack-lazy-image--handled\" data-size=\"220x170\" src=\"https:\/\/i0.wp.com\/www.carlosmarchante.com\/test\/wp-content\/uploads\/2022\/03\/cabina-dj.jpg?w=3840\" data-lazy-loaded=\"1\" loading=\"eager\" title=\"Cabina DJ\" alt=\"Cabina disc-jockey Bell Rec\u00f3\" width=\"527\" height=\"351\"><\/a><\/div>\n<\/div>\n<\/div>\n<\/div>","protected":false},"excerpt":{"rendered":"<p>NO s\u00f3lo DJ, 3 d\u00e9cadas so\u00f1ando y disfrutando\ufeff Pertenezco a la Generaci\u00f3n X, primeros en conocer el CD, el walkman e internet. He vivido de pleno el boom tecnol\u00f3gico y como consecuencia el profundo cambio de la producci\u00f3n de bodas y eventos hasta el d\u00eda de hoy. Me considero organizado, meticuloso, exigente, perfeccionista y mimo&hellip; <br \/> <a class=\"read-more\" href=\"https:\/\/produccionestecnicas.com\/index.php\/carlos-marchante\/\">Read more<\/a><\/p>\n","protected":false},"author":1,"featured_media":571,"parent":0,"menu_order":0,"comment_status":"closed","ping_status":"closed","template":"pro\/page-templates\/full-width-page.php","meta":{"advanced_seo_description":"","jetpack_seo_html_title":"","jetpack_seo_noindex":false,"jetpack_post_was_ever_published":false,"footnotes":""},"class_list":["post-376","page","type-page","status-publish","has-post-thumbnail","hentry"],"jetpack_sharing_enabled":true,"jetpack_shortlink":"https:\/\/wp.me\/PaWBre-64","jetpack_likes_enabled":true,"jetpack-related-posts":[],"_links":{"self":[{"href":"https:\/\/produccionestecnicas.com\/index.php\/wp-json\/wp\/v2\/pages\/376","targetHints":{"allow":["GET"]}}],"collection":[{"href":"https:\/\/produccionestecnicas.com\/index.php\/wp-json\/wp\/v2\/pages"}],"about":[{"href":"https:\/\/produccionestecnicas.com\/index.php\/wp-json\/wp\/v2\/types\/page"}],"author":[{"embeddable":true,"href":"https:\/\/produccionestecnicas.com\/index.php\/wp-json\/wp\/v2\/users\/1"}],"replies":[{"embeddable":true,"href":"https:\/\/produccionestecnicas.com\/index.php\/wp-json\/wp\/v2\/comments?post=376"}],"version-history":[{"count":53,"href":"https:\/\/produccionestecnicas.com\/index.php\/wp-json\/wp\/v2\/pages\/376\/revisions"}],"predecessor-version":[{"id":2284,"href":"https:\/\/produccionestecnicas.com\/index.php\/wp-json\/wp\/v2\/pages\/376\/revisions\/2284"}],"wp:featuredmedia":[{"embeddable":true,"href":"https:\/\/produccionestecnicas.com\/index.php\/wp-json\/wp\/v2\/media\/571"}],"wp:attachment":[{"href":"https:\/\/produccionestecnicas.com\/index.php\/wp-json\/wp\/v2\/media?parent=376"}],"curies":[{"name":"wp","href":"https:\/\/api.w.org\/{rel}","templated":true}]}}