{"id":2218,"date":"2022-03-27T22:29:44","date_gmt":"2022-03-27T20:29:44","guid":{"rendered":"http:\/\/produccionestecnicas.com\/index.php\/dj\/"},"modified":"2022-07-26T21:08:12","modified_gmt":"2022-07-26T19:08:12","slug":"dj","status":"publish","type":"page","link":"https:\/\/produccionestecnicas.com\/index.php\/dj\/","title":{"rendered":"DJ"},"content":{"rendered":"<div data-label=\"radiocarlitos1\" data-id=\"cta--1\" data-export-id=\"cta-centered-section-grid\" data-category=\"cta\" class=\"cta-centered-section-grid content-section content-section-spacing-medium bg-color1 content-relative dark-text\" id=\"radiocarlitos1\" style=\"background-image: none; background-color: rgb(255, 255, 255);\" data-section-ov=\"1\">\n<div class=\"\">\n<div class=\"row text-center\">\n<div class=\"col-xs-12 col-sm-10 col-sm-offset-1 col-md-8 col-md-offset-2\" data-type=\"column\">\n<h2 class=\"\"><span style=\"font-family: Quicksand, arial, helvetica, sans-serif; font-weight: 700;\">R\u00e0dio Carlitos<\/span><\/h2>\n<p class=\"\" style=\"text-align: center;\">Llistes musicals creades des dels meus comen\u00e7aments fins al dia d&#8217;avui, cada llista t\u00e9 can\u00e7ons que m&#8217;han anat demanant a les m\u00e9s de 750 actuacions que he realitzat, si penseu que falta alguna can\u00e7\u00f3 no dubteu a dir-m&#8217;ho! M\u00fasica des dels 50 fins a l&#8217;\u00faltima de les llistes d&#8217;actualitat, tot a Spotify. Ballem?<\/p>\n<p> <a class=\"button force-shadow color3 outline\" href=\"#radiocarlitos2\" target=\"_self\" data-cp-link=\"1\" data-icon=\"fa-music\" rel=\"noopener\"><span class=\"button-icon fa fa-music\"><\/span>Llistes<\/a><\/div>\n<\/p><\/div>\n<\/div><\/div>\n<div data-label=\"djcarlosmarchante1\" data-id=\"about--2\" data-export-id=\"about-images-right-section\" data-category=\"about\" class=\"about-images-right-section content-section content-section-spacing\" id=\"djcarlosmarchante1\" style=\"background-color: rgb(245, 250, 253);\">\n<div class=\"\">\n<div class=\"row middle-sm text-center\">\n<div class=\"col-sm-5 content-left-sm\" data-type=\"column\">\n<h2 class=\"\" style=\"text-align: center;\"><span style=\"font-weight: 700; font-family: Quicksand, arial, helvetica, sans-serif;\">DJ<\/span><br \/><span style=\"font-weight: 700; font-family: Quicksand, arial, helvetica, sans-serif;\"><span style=\"font-style: italic;\" href=\"#\">Carlos Marchante<\/span><\/span><\/h2>\n<p class=\"\" style=\"text-align: justify;\"><span style=\"font-family: Montserrat, arial, helvetica, sans-serif;\"><span style=\"font-weight: 500;\">Si has arribat fins aqu\u00ed \u00e9s que est\u00e0s pensant en muntar una festa, qualsevol format, casament, aniversari, festa particular, esdeveniment, etc. A m\u00e9s vols que tots els convidats s&#8217;ho passin d&#8217;all\u00f2 m\u00e9s b\u00e9, ballin i el <\/span><span style=\"font-style: italic;\">DJ posi bona m\u00fasica<\/span><\/span><span style=\"font-family: Montserrat, arial, helvetica, sans-serif; font-weight: 500;\">.<br \/>\n<\/span><br \/><span style=\"font-family: Montserrat, arial, helvetica, sans-serif; font-weight: 500;\"><br \/>\nNo faig miracles, ja que no nom\u00e9s el DJ \u00e9s all\u00f2 important, tamb\u00e9 \u00e9s important l&#8217;ambientaci\u00f3 de l&#8217;espai, un bon so, una bona il\u00b7luminaci\u00f3, una bona posada en escena, l&#8217;estat an\u00edmic dels convidats i el m\u00e9s important, moltes ganes de ballar, passar-ho b\u00e9 i <span style=\"font-style: italic;\">donar-ho tot fins al final!<br \/>\n<\/span><\/span><br \/><span style=\"font-family: Montserrat, arial, helvetica, sans-serif; font-weight: 500;\">Per ser bon DJ no cal posseir bona t\u00e8cnica, posar els temes excel\u00b7lents i n\u00famero u de les llistes, no tot s\u00f3n les barreges i m\u00e9s si s\u00f3n can\u00e7ons amb estils diferents, <span style=\"font-style: italic;\">el m\u00e9s important \u00e9s que flueixi la sessi\u00f3<\/span> . L&#8217;important \u00e9s preparar-se la sessi\u00f3, tenir una bona selecci\u00f3 musical i estar al dia dels darrers temes, d&#8217;aquesta manera \u00e9s f\u00e0cil posar un tema darrere l&#8217;altre, per\u00f2 saber molt b\u00e9 sempre quin \u00e9s el tema seg\u00fcent a posar, deixant en segon pla la t\u00e8cnica o m\u00ednim desquadrament.<\/span><\/p>\n<\/p><\/div>\n<div class=\"col-sm-7 space-bottom-xs\">\n<div class=\"image-group-side-3-img\"> <img loading=\"lazy\" decoding=\"async\" class=\"topimg shadow-large\" src=\"https:\/\/i0.wp.com\/www.carlosmarchante.com\/test\/wp-content\/uploads\/2022\/04\/ambiente-pista-baile-boda.jpg?w=3840\" title=\"ambient-pista-ball-casament\" alt=\"\" width=\"466\" height=\"248\"> <img decoding=\"async\" loading=\"lazy\" class=\"rightimg shadow-large\" src=\"https:\/\/i0.wp.com\/www.carlosmarchante.com\/test\/wp-content\/uploads\/2022\/04\/Equipo-sonido-iluminacion-discoteca.jpg?w=3840\" title=\"Equip-so-il\u00b7luminaci\u00f3-discoteca\" alt=\"\" width=\"466\" height=\"311\"> <\/p>\n<div class=\"leftimg\"> <img decoding=\"async\" loading=\"lazy\" class=\"shadow-large\" src=\"https:\/\/i0.wp.com\/www.carlosmarchante.com\/test\/wp-content\/uploads\/2022\/04\/disc-jockey-carlos-marchante.jpg?w=3840\" title=\"disc-jockey-carlos-marchante\" alt=\"\" width=\"350\" height=\"260\"><\/div>\n<\/p><\/div>\n<\/div><\/div>\n<\/div><\/div>\n<div data-label=\"djcarlosmarchante2\" data-id=\"content--1\" data-export-id=\"content-8\" data-category=\"content\" class=\"content-8 content-section content-section-spacing\" id=\"djcarlosmarchante2\" style=\"background-color: rgb(245, 250, 253);\">\n<div class=\"\">\n<div class=\"row middle-sm\">\n<div class=\"col-sm-6 space-bottom-xs space-top-xs\" data-type=\"column\"> <img decoding=\"async\" loading=\"lazy\" class=\"shadow-large\" src=\"https:\/\/i0.wp.com\/www.carlosmarchante.com\/test\/wp-content\/uploads\/2022\/03\/dj-carlos-nmarchante-vinilos.jpg?w=3840\" title=\"dj-carlos-marchante-vinils\" alt=\"\" width=\"600\" height=\"400\"><\/div>\n<div class=\"col-sm-6\" data-type=\"column\">\n<h2 class=\"\" style=\"text-align: center;\"><span style=\"font-family: Quicksand, arial, helvetica, sans-serif; font-weight: 700;\">1992 \u2013 2022 \u2013 30 anys \u00abPunxant\u00bb<\/span><\/h2>\n<p class=\"\" style=\"text-align: justify;\"><span style=\"font-family: Montserrat, arial, helvetica, sans-serif; font-weight: 500;\">Vaig comen\u00e7ar als 90&#8242; al ritme d&#8217;Amics per sempre de Los Manolos i des de llavors porto m\u00e9s de <span style=\"font-style: italic;\">750 actuacions en tot tipus de casaments i esdeveniments privats<\/span> . M&#8217;agrada la m\u00fasica per sobre de tot i sempre relaciono moments de la vida amb can\u00e7ons.<\/span><br \/><span style=\"font-family: Montserrat, arial, helvetica, sans-serif; font-weight: 500;\"><br \/>\nCom es prepara una sessi\u00f3, tot comen\u00e7a amb saber els gustos musicals teus i dels teus convidats, avui dia amb tantes xarxes socials, aplicacions musicals i una infinitat d&#8217;artistes, estils i can\u00e7ons, \u00e9s normal que em comparteixis llistes de can\u00e7ons que t&#8217;agraden , que han de sonar <span style=\"font-style: italic;\">s\u00ed o s\u00ed<\/span>, o simplement can\u00e7ons que tens avorrides i que no vols que sonin encara que estiguin al top musical del moment.<\/span><\/p>\n<\/p><\/div>\n<\/p><\/div>\n<\/div><\/div>\n<div data-label=\"djcarlosmarchante3\" data-id=\"content--4\" data-export-id=\"content-7\" data-category=\"content\" class=\"content-7 content-section content-section-spacing\" id=\"djcarlosmarchante3\" style=\"background-color: rgb(245, 250, 253);\">\n<div class=\"\">\n<div class=\"row middle-sm\">\n<div class=\"col-sm-6 space-bottom-xs\" data-type=\"column\">\n<h2 class=\"\" style=\"text-align: center;\"><span style=\"font-weight: 700;\">Filosofia de ball<\/span>&nbsp;<\/h2>\n<p class=\"\" style=\"text-align: justify;\"><span style=\"font-family: Montserrat, arial, helvetica, sans-serif;\">Tota sessi\u00f3 t\u00e9 un comen\u00e7ament, ha de ser din\u00e0mica, les can\u00e7ons no es posen perqu\u00e8 s\u00ed, cadascuna t\u00e9 el seu moment i jo m\u00e9s que el DJ s\u00f3c un psic\u00f2leg de pista de ball, he de fer ballar tots els convidats i que gaudeixin com a nens petits, encara que els agradin diferents estils. A la cabina del DJ hi ha d&#8217;haver cabuda per a tot, remembers i can\u00e7ons que van marcar \u00e8poques, pop, techno, house, dance, salsa, merenga, reggaet\u00f3 i la coneguda can\u00e7\u00f3 de l&#8217;estiu, sempre tot molt comercial. El m\u00e9s important \u00e9s que tota la m\u00fasica seleccionada per a la sessi\u00f3 estigui barrejada constantment sense importar el tema o l&#8217;estil. Interactuar durant la sessi\u00f3 \u00e9s molt important, d&#8217;aquesta manera conec m\u00e9s els gustos dels convidats, sempre \u00e9s molt important escoltar tothom, cadascun \u00e9s una pe\u00e7a important de la festa, accepto peticions, d&#8217;aquesta manera amplio la meva experi\u00e8ncia i creativitat, sempre estic en continu aprenentatge per donar el m\u00e0xim a la seg\u00fcent sessi\u00f3.<\/span><\/p>\n<p> <a class=\"button force-shadow color3 outline\" href=\"http:\/\/produccionestecnicas.com\/index.php\/contacte\/?lang=ca\" target=\"_self\" data-cp-link=\"1\" data-icon=\"\" rel=\"noopener\">Comencem a preparar la propera festa?<\/a><\/div>\n<div class=\"col-sm-6\" data-type=\"column\"> <img decoding=\"async\" loading=\"lazy\" class=\"shadow-large\" src=\"https:\/\/i0.wp.com\/www.carlosmarchante.com\/test\/wp-content\/uploads\/2022\/04\/saxofinista-dj-pista-baile.jpg?w=3840\" title=\"saxofinista-dj-pista-ball\" alt=\"\" width=\"600\" height=\"400\"><\/div>\n<\/p><\/div>\n<\/div><\/div>\n<div data-label=\"djs\" data-id=\"cta--2\" data-export-id=\"cta-centered-section-grid\" data-category=\"cta\" class=\"cta-centered-section-grid content-section content-section-spacing-medium bg-color1 white-text\" id=\"djs\" style=\"background-image: url(\"http:\/\/produccionestecnicas.com\/wp-content\/uploads\/2022\/07\/pionner-denon-dj.jpg\"); background-size: cover; background-position: center top;\" data-section-ov=\"1\">\n<div class=\"gridContainer\">\n<div class=\"row text-center\">\n<div class=\"col-xs-12 col-sm-10 col-sm-offset-1 col-md-8 col-md-offset-2\" data-type=\"column\">\n<h2 class=\"\"><font face=\"Quicksand, arial, helvetica, sans-serif\"><b>Ets DJ?<\/b><\/font><\/h2>\n<p class=\"\">Si ets DJ, tens clientela que et contracta per a les bitlles, no tens equips i tampoc tens p\u00e0gina web, continua llegint.<br \/>\nEt creem una p\u00e0gina a la nostra web perqu\u00e8 et puguis promocionar i que els teus clients puguin veure la teva feina.<br \/>\nNosaltres a canvi fem un estudi t\u00e8cnic per saber les necessitats del bolo, et muntem els equips de so, il\u00b7luminaci\u00f3, efectes i tot el necessari perqu\u00e8 puguis muntar una festa sense preocupar-te del muntatge i desmuntatge.<\/p>\n<p> <a class=\"button color2 outline\" href=\"http:\/\/produccionestecnicas.com\/index.php\/contacte\/?lang=ca\" target=\"_self\" data-cp-link=\"1\" data-icon=\"\" rel=\"noopener\">Parlem?<\/a><\/div>\n<\/p><\/div>\n<\/div><\/div>\n<div data-label=\"radiocarlitos2\" data-id=\"features--1\" data-export-id=\"features-13-card-bordered\" data-category=\"features\" class=\"features-13 content-section content-section-spacing\" id=\"radiocarlitos2\" style=\"background-color: rgb(255, 255, 255);\">\n<div class=\"\">\n<div class=\"row text-center\">\n<div class=\"section-title-col\" data-type=\"column\">\n<h2 class=\"\"><span style=\"font-weight: 700;\">R\u00e0dio Carlitos<\/span><\/h2>\n<p class=\"lead\"><span style=\"font-family: Montserrat, arial, helvetica, sans-serif; font-weight: 400;\">Llistes musicals creades des dels meus comen\u00e7aments fins al dia d&#8217;avui, cada llista t\u00e9 can\u00e7ons que m&#8217;han anat demanant a les m\u00e9s de 750 actuacions que he realitzat, si penseu que falta alguna can\u00e7\u00f3 no dubteu a dir-m&#8217;ho! M\u00fasica des dels 50 fins a l&#8217;\u00faltima de les llistes d&#8217;actualitat, tot a Spotify.<br \/>\n<br \/>Ballem?<\/span><\/p>\n<\/div><\/div>\n<div class=\"row spaced-cols content-center-sm\" data-type=\"row\">\n<div class=\"col-sm-4 col-md-4\">\n<div class=\"card bordered y-move\" data-type=\"column\">\n<h4 class=\"\"><span style=\"font-weight: 700;\">M\u00daSICA 00&#8217;s<\/span><\/h4>\n<p>  <a class=\"button small y-move color2\" href=\"#\">GET STARTED<\/a><\/p>\n<div data-editable=\"true\" data-name=\"ope-widgets-area\" data-content-shortcode=\"mesmerize_display_widgets_area id=\"mesmerize_users_custom_widgets_areas_7\"  \" class=\"\"><div data-name=\"mesmerize-widgets-area\"><div id=\"block-33\" class=\"widget widget_block\">\n<figure class=\"wp-block-embed is-type-rich is-provider-spotify wp-block-embed-spotify wp-embed-aspect-21-9 wp-has-aspect-ratio\"><div class=\"wp-block-embed__wrapper\">\n<div class='embed-container'><iframe loading=\"lazy\" title=\"Spotify Embed: ECM 00&amp;apos;s EXITOS\" style=\"border-radius: 12px\" width=\"100%\" height=\"380\" frameborder=\"0\" allowfullscreen allow=\"autoplay; clipboard-write; encrypted-media; fullscreen; picture-in-picture\" src=\"https:\/\/open.spotify.com\/embed\/playlist\/6mfZ0EQf8OHKSCEZWa7LH6?si=091c6e6ad3f84854&utm_source=oembed\"><\/iframe><\/div>\n<\/div><\/figure>\n<\/div><\/div><\/div>\n<\/div><\/div>\n<div class=\"col-sm-4 col-md-4\">\n<div class=\"card bordered y-move\" data-type=\"column\">\n<h4 class=\"\"><span style=\"font-weight: 700;\">M\u00daSICA 90&#8217;s<\/span><\/h4>\n<p>  <a class=\"button small y-move color2\" href=\"#\">GET STARTED<\/a><\/p>\n<div data-editable=\"true\" data-name=\"ope-widgets-area\" data-content-shortcode=\"mesmerize_display_widgets_area id=\"mesmerize_users_custom_widgets_areas_6\"  \" class=\"\"><div data-name=\"mesmerize-widgets-area\"><div id=\"block-35\" class=\"widget widget_block\">\n<figure class=\"wp-block-embed is-type-rich is-provider-spotify wp-block-embed-spotify wp-embed-aspect-21-9 wp-has-aspect-ratio\"><div class=\"wp-block-embed__wrapper\">\n<div class='embed-container'><iframe loading=\"lazy\" title=\"Spotify Embed: ECM 90&amp;apos;s EXITOS\" style=\"border-radius: 12px\" width=\"100%\" height=\"380\" frameborder=\"0\" allowfullscreen allow=\"autoplay; clipboard-write; encrypted-media; fullscreen; picture-in-picture\" src=\"https:\/\/open.spotify.com\/embed\/playlist\/3bdf8GPaTCb8hfFhGsONsW?si=a0ecab3d47c1456d&utm_source=oembed\"><\/iframe><\/div>\n<\/div><\/figure>\n<\/div><\/div><\/div>\n<\/div><\/div>\n<div class=\"col-sm-4 col-md-4\">\n<div class=\"card bordered y-move\" data-type=\"column\">\n<h4 class=\"\"><span style=\"font-weight: 700;\">M\u00daSICA 80&#8217;s<\/span><\/h4>\n<p>  <a class=\"button small y-move color2\" href=\"#\">GET STARTED<\/a><\/p>\n<div data-editable=\"true\" data-name=\"ope-widgets-area\" data-content-shortcode=\"mesmerize_display_widgets_area id=\"mesmerize_users_custom_widgets_areas_5\"  \" class=\"\"><div data-name=\"mesmerize-widgets-area\"><div id=\"block-37\" class=\"widget widget_block\">\n<figure class=\"wp-block-embed is-type-rich is-provider-spotify wp-block-embed-spotify wp-embed-aspect-21-9 wp-has-aspect-ratio\"><div class=\"wp-block-embed__wrapper\">\n<div class='embed-container'><iframe loading=\"lazy\" title=\"Spotify Embed: ECM 80&amp;apos;s EXITOS\" style=\"border-radius: 12px\" width=\"100%\" height=\"380\" frameborder=\"0\" allowfullscreen allow=\"autoplay; clipboard-write; encrypted-media; fullscreen; picture-in-picture\" src=\"https:\/\/open.spotify.com\/embed\/playlist\/6v6tHhRvs6B7xvlCWAlujE?si=2b2f0861db9e43b8&utm_source=oembed\"><\/iframe><\/div>\n<\/div><\/figure>\n<\/div><\/div><\/div>\n<\/div><\/div>\n<div class=\"col-sm-4 col-md-4 \">\n<div class=\"card bordered y-move\" data-type=\"column\">\n<h4 class=\"\"><span style=\"font-weight: 700;\">M\u00daSICA 70&#8217;s<\/span><\/h4>\n<p>  <a class=\"button small y-move color2\" href=\"#\">GET STARTED<\/a><\/p>\n<div data-editable=\"true\" data-name=\"ope-widgets-area\" data-content-shortcode=\"mesmerize_display_widgets_area id=\"mesmerize_users_custom_widgets_areas_4\"  \" class=\"\"><div data-name=\"mesmerize-widgets-area\"><div id=\"block-30\" class=\"widget widget_block\">\n<figure class=\"wp-block-embed is-type-rich is-provider-spotify wp-block-embed-spotify wp-embed-aspect-21-9 wp-has-aspect-ratio\"><div class=\"wp-block-embed__wrapper\">\n<div class='embed-container'><iframe loading=\"lazy\" title=\"Spotify Embed: ECM 70&amp;apos;s EXITOS\" style=\"border-radius: 12px\" width=\"100%\" height=\"380\" frameborder=\"0\" allowfullscreen allow=\"autoplay; clipboard-write; encrypted-media; fullscreen; picture-in-picture\" src=\"https:\/\/open.spotify.com\/embed\/playlist\/4B7qH72UgfJybrUy3ybr1j?si=8947f3b6d7944e73&utm_source=oembed\"><\/iframe><\/div>\n<\/div><\/figure>\n<\/div><\/div><\/div>\n<\/div><\/div>\n<div class=\"col-sm-4 col-md-4 \">\n<div class=\"card bordered y-move\" data-type=\"column\">\n<h4 class=\"\"><span style=\"font-weight: 700;\">M\u00daSICA 60&#8217;s<\/span><\/h4>\n<p>  <a class=\"button small y-move color2\" href=\"#\">GET STARTED<\/a><\/p>\n<div data-editable=\"true\" data-name=\"ope-widgets-area\" data-content-shortcode=\"mesmerize_display_widgets_area id=\"mesmerize_users_custom_widgets_areas_3\"  \" class=\"\"><div data-name=\"mesmerize-widgets-area\"><div id=\"block-29\" class=\"widget widget_block\">\n<figure class=\"wp-block-embed is-type-rich is-provider-spotify wp-block-embed-spotify wp-embed-aspect-21-9 wp-has-aspect-ratio\"><div class=\"wp-block-embed__wrapper\">\n<div class='embed-container'><iframe loading=\"lazy\" title=\"Spotify Embed: ECM 60&amp;apos;s EXITOS\" style=\"border-radius: 12px\" width=\"100%\" height=\"380\" frameborder=\"0\" allowfullscreen allow=\"autoplay; clipboard-write; encrypted-media; fullscreen; picture-in-picture\" src=\"https:\/\/open.spotify.com\/embed\/playlist\/4X77gFrWfx4qIjASWCdttY?si=cb1e2d1dd797473f&utm_source=oembed\"><\/iframe><\/div>\n<\/div><\/figure>\n<\/div><\/div><\/div>\n<\/div><\/div>\n<div class=\"col-sm-4 col-md-4 \">\n<div class=\"card bordered y-move\" data-type=\"column\">\n<h4 class=\"\"><span style=\"font-weight: 700;\">M\u00daSICA 50&#8217;s<\/span><\/h4>\n<p>  <a class=\"button small y-move color2\" href=\"#\">GET STARTED<\/a><\/p>\n<div data-editable=\"true\" data-name=\"ope-widgets-area\" data-content-shortcode=\"mesmerize_display_widgets_area id=\"mesmerize_users_custom_widgets_areas_2\"  \" class=\"\"><div data-name=\"mesmerize-widgets-area\"><div id=\"block-26\" class=\"widget widget_block\">\n<figure class=\"wp-block-embed is-type-rich is-provider-spotify wp-block-embed-spotify wp-embed-aspect-21-9 wp-has-aspect-ratio\"><div class=\"wp-block-embed__wrapper\">\n<div class='embed-container'><iframe loading=\"lazy\" title=\"Spotify Embed: ECM 50&amp;apos;s EXITOS\" style=\"border-radius: 12px\" width=\"100%\" height=\"380\" frameborder=\"0\" allowfullscreen allow=\"autoplay; clipboard-write; encrypted-media; fullscreen; picture-in-picture\" src=\"https:\/\/open.spotify.com\/embed\/playlist\/4nHRPWYplT02Gkhc2KpWyp?si=c2de69bc379c4e7c&utm_source=oembed\"><\/iframe><\/div>\n<\/div><\/figure>\n<\/div><\/div><\/div>\n<\/div><\/div>\n<\/p><\/div>\n<\/p><\/div>\n<\/div>\n","protected":false},"excerpt":{"rendered":"<p>R\u00e0dio Carlitos Llistes musicals creades des dels meus comen\u00e7aments fins al dia d&#8217;avui, cada llista t\u00e9 can\u00e7ons que m&#8217;han anat demanant a les m\u00e9s de 750 actuacions que he realitzat, si penseu que falta alguna can\u00e7\u00f3 no dubteu a dir-m&#8217;ho! M\u00fasica des dels 50 fins a l&#8217;\u00faltima de les llistes d&#8217;actualitat, tot a Spotify. Ballem?&hellip; <br \/> <a class=\"read-more\" href=\"https:\/\/produccionestecnicas.com\/index.php\/dj\/\">Read more<\/a><\/p>\n","protected":false},"author":1,"featured_media":1994,"parent":0,"menu_order":0,"comment_status":"closed","ping_status":"closed","template":"pro\/page-templates\/full-width-page.php","meta":{"advanced_seo_description":"","jetpack_seo_html_title":"","jetpack_seo_noindex":false,"jetpack_post_was_ever_published":false,"footnotes":""},"class_list":["post-2218","page","type-page","status-publish","has-post-thumbnail","hentry"],"jetpack_sharing_enabled":true,"jetpack_shortlink":"https:\/\/wp.me\/PaWBre-zM","jetpack_likes_enabled":true,"jetpack-related-posts":[],"_links":{"self":[{"href":"https:\/\/produccionestecnicas.com\/index.php\/wp-json\/wp\/v2\/pages\/2218","targetHints":{"allow":["GET"]}}],"collection":[{"href":"https:\/\/produccionestecnicas.com\/index.php\/wp-json\/wp\/v2\/pages"}],"about":[{"href":"https:\/\/produccionestecnicas.com\/index.php\/wp-json\/wp\/v2\/types\/page"}],"author":[{"embeddable":true,"href":"https:\/\/produccionestecnicas.com\/index.php\/wp-json\/wp\/v2\/users\/1"}],"replies":[{"embeddable":true,"href":"https:\/\/produccionestecnicas.com\/index.php\/wp-json\/wp\/v2\/comments?post=2218"}],"version-history":[{"count":5,"href":"https:\/\/produccionestecnicas.com\/index.php\/wp-json\/wp\/v2\/pages\/2218\/revisions"}],"predecessor-version":[{"id":2441,"href":"https:\/\/produccionestecnicas.com\/index.php\/wp-json\/wp\/v2\/pages\/2218\/revisions\/2441"}],"wp:featuredmedia":[{"embeddable":true,"href":"https:\/\/produccionestecnicas.com\/index.php\/wp-json\/wp\/v2\/media\/1994"}],"wp:attachment":[{"href":"https:\/\/produccionestecnicas.com\/index.php\/wp-json\/wp\/v2\/media?parent=2218"}],"curies":[{"name":"wp","href":"https:\/\/api.w.org\/{rel}","templated":true}]}}