{"id":1591,"date":"2022-07-08T14:53:37","date_gmt":"2022-07-08T12:53:37","guid":{"rendered":"http:\/\/produccionestecnicas.com\/?page_id=1591"},"modified":"2022-07-13T19:19:05","modified_gmt":"2022-07-13T17:19:05","slug":"politica-de-cookies","status":"publish","type":"page","link":"https:\/\/produccionestecnicas.com\/index.php\/politica-de-cookies\/","title":{"rendered":"POLITICA DE COOKIES"},"content":{"rendered":"\n<p>Las cookies son peque\u00f1as cantidades de informaci\u00f3n que se almacenan en el navegador utilizado por cada usuario para que el servidor recuerde cierta informaci\u00f3n que posteriormente pueda utilizar.<\/p>\n\n\n\n<h2 class=\"wp-block-heading\" style=\"font-size:25px\">TIPOS DE COOKIES QUE UTILIZAMOS<\/h2>\n\n\n\n<p>Esta p\u00e1gina web utiliza cookies de terceros que son aquellas que se env\u00edan a tu ordenador o terminal desde un dominio o una p\u00e1gina web que no es gestionada por nosotros, sino por otra entidad que trata los datos obtenidos a trav\u00e9s de las cookies.<\/p>\n\n\n\n<p>En este caso las Cookies son utilizadas con fines estad\u00edsticos relacionados con las visitas que recibe y las p\u00e1ginas que se consultan, quedando aceptado su uso al navegar por ella.<\/p>\n\n\n\n<figure class=\"wp-block-table\"><table><tbody><tr><td><strong>Tipo de cookie y Proveedor<\/strong><\/td><td><strong>Duraci\u00f3n de la Coookie<\/strong><\/td><td><strong>Descripci\u00f3n de la cookie<\/strong><\/td><\/tr><tr><td>NID<\/td><td>1 a\u00f1o<\/td><td>La cookie es utilizada pora la Optimizaci\u00f3n de anuncios de Google su funcionalidad es para proporcionar entrega de anuncios o reorientaci\u00f3n , almacenar las preferencias del usuario .<br>El prop\u00f3sito es: Marketing \/ Seguimiento<\/td><\/tr><tr><td>YSC<\/td><td>Caduca al finalizar la sesi\u00f3n del navegador<\/td><td>Cookie que mide las reproducciones de videos realizadas por el usuario y registra los eventos de \u201cMe gusta\u201d o \u201cCompartir video\u201d<\/td><\/tr><tr><td>VISITOR_INFO1_LIVE<\/td><td>240 d\u00edas aprox.<\/td><td>Cookie que realiza el seguimiento de los videos visitados que se encuentran incrustados en la web<\/td><\/tr><tr><td>_ga (Google)<\/td><td>2 a\u00f1os<\/td><td>Se usa para distinguir a los usuarios<\/td><\/tr><tr><td>_ga_(Google)<\/td><td>1 a\u00f1o<\/td><td>Se usa para almacenar estad\u00edsticas an\u00f3nimas<\/td><\/tr><tr><td>moove_gdpr_popup (GDPR)<\/td><td>1 a\u00f1o<\/td><td>Pop up GDPR<\/td><\/tr><tr><td>WordPress<\/td><td>2 a\u00f1os<\/td><td>Utilizado para el correcto funcionamiento del gestor de contenido WordPress<\/td><\/tr><tr><td>1P_JAR<\/td><td>1 mes<\/td><td>Recopila informaci\u00f3n sobre el uso del sitio web por parte de los usuarios<\/td><\/tr><tr><td>CONSENT<\/td><td>20 a\u00f1os<\/td><td>Implantan determinadas utilidades de Google y pueden almacenar ciertas preferencias<\/td><\/tr><tr><td>IDE \u2013 DOUBLE CLICK<\/td><td>2 a\u00f1os<\/td><td>Google Adsense (DoubleClick): El uso de la cookie de DoubleClick permite a Google y a sus socios publicar anuncios basados en las visitas que los usuarios realizan en sus sitios o en otros sitios de Internet<\/td><\/tr><tr><td>test _cookie \u2013 DOUBLE CLICK<\/td><td>1 a\u00f1o<\/td><td>El complemento DoubleClick de Google puede colocar esta cookie en nuestro sitio web para verificar si Su navegador acepta cookies El complemento DoubleClick de Google tiene como objetivo mejorar la publicidad hacia Usted<\/td><\/tr><tr><td>_GRECAPTCHA<\/td><td>1 a\u00f1o<\/td><td>Utilizada por el servicio GOOGLE RECAPTCHA en los formularios para evitar SPAM<\/td><\/tr><\/tbody><\/table><\/figure>\n\n\n\n<p>Si desea m\u00e1s informaci\u00f3n m\u00e1s sobre los tipos de cookies de seguimiento y an\u00e1lisis de datos de Google <a href=\"https:\/\/policies.google.com\/technologies\/cookies?hl=es&amp;gl=es#types-of-cookies\" target=\"_blank\" rel=\"noreferrer noopener\">haga clic aqu\u00ed<\/a>.<\/p>\n\n\n\n<p>Para informarse sobre c\u00f3mo eliminar las cookies de su explorador:<\/p>\n\n\n\n<p>&#8211; <a href=\"https:\/\/support.mozilla.org\/es\/kb\/habilitar-y-deshabilitar-cookies-sitios-web-rastrear-preferencias\" target=\"_blank\" rel=\"noreferrer noopener\">Firefox<\/a><\/p>\n\n\n\n<p>&#8211; <a href=\"https:\/\/support.google.com\/chrome\/answer\/95647?hl=es\" target=\"_blank\" rel=\"noreferrer noopener\">Chrome<\/a><\/p>\n\n\n\n<p>&#8211; <a href=\"https:\/\/support.microsoft.com\/es-es\/windows\/eliminar-y-administrar-cookies-168dab11-0753-043d-7c16-ede5947fc64d\" target=\"_blank\" rel=\"noreferrer noopener\">Internet Explorer<\/a><\/p>\n\n\n\n<p>&#8211; <a href=\"https:\/\/support.microsoft.com\/es-es\/microsoft-edge\/eliminar-las-cookies-en-microsoft-edge-63947406-40ac-c3b8-57b9-2a946a29ae09#:~:text=En%20Edge%2C%20seleccione%20Configuraci%C3%B3n%20y%20m%C3%A1s%20%3E%20Configuraci%C3%B3n%20%3E%20%3E%20Cookies,sitio%20cuyas%20cookies%20desea%20eliminar.\" target=\"_blank\" rel=\"noreferrer noopener\">Edge<\/a><\/p>\n\n\n\n<p>&#8211; <a href=\"https:\/\/support.apple.com\/es-es\/guide\/safari\/sfri11471\/mac\" target=\"_blank\" rel=\"noreferrer noopener\">Safari<\/a><\/p>\n\n\n\n<p>&#8211; <a href=\"https:\/\/allaboutcookies.org\/es-administrar-las-cookies-en-opera\" target=\"_blank\" rel=\"noreferrer noopener\">Opera<\/a><\/p>\n","protected":false},"excerpt":{"rendered":"<p>Las cookies son peque\u00f1as cantidades de informaci\u00f3n que se almacenan en el navegador utilizado por cada usuario para que el servidor recuerde cierta informaci\u00f3n que posteriormente pueda utilizar. TIPOS DE COOKIES QUE UTILIZAMOS Esta p\u00e1gina web utiliza cookies de terceros que son aquellas que se env\u00edan a tu ordenador o terminal desde un dominio o&hellip; <br \/> <a class=\"read-more\" href=\"https:\/\/produccionestecnicas.com\/index.php\/politica-de-cookies\/\">Read more<\/a><\/p>\n","protected":false},"author":1,"featured_media":1617,"parent":0,"menu_order":0,"comment_status":"closed","ping_status":"closed","template":"","meta":{"advanced_seo_description":"","jetpack_seo_html_title":"","jetpack_seo_noindex":false,"jetpack_post_was_ever_published":false,"footnotes":""},"class_list":["post-1591","page","type-page","status-publish","has-post-thumbnail","hentry"],"jetpack_sharing_enabled":true,"jetpack_shortlink":"https:\/\/wp.me\/PaWBre-pF","jetpack_likes_enabled":true,"jetpack-related-posts":[],"_links":{"self":[{"href":"https:\/\/produccionestecnicas.com\/index.php\/wp-json\/wp\/v2\/pages\/1591","targetHints":{"allow":["GET"]}}],"collection":[{"href":"https:\/\/produccionestecnicas.com\/index.php\/wp-json\/wp\/v2\/pages"}],"about":[{"href":"https:\/\/produccionestecnicas.com\/index.php\/wp-json\/wp\/v2\/types\/page"}],"author":[{"embeddable":true,"href":"https:\/\/produccionestecnicas.com\/index.php\/wp-json\/wp\/v2\/users\/1"}],"replies":[{"embeddable":true,"href":"https:\/\/produccionestecnicas.com\/index.php\/wp-json\/wp\/v2\/comments?post=1591"}],"version-history":[{"count":4,"href":"https:\/\/produccionestecnicas.com\/index.php\/wp-json\/wp\/v2\/pages\/1591\/revisions"}],"predecessor-version":[{"id":1618,"href":"https:\/\/produccionestecnicas.com\/index.php\/wp-json\/wp\/v2\/pages\/1591\/revisions\/1618"}],"wp:featuredmedia":[{"embeddable":true,"href":"https:\/\/produccionestecnicas.com\/index.php\/wp-json\/wp\/v2\/media\/1617"}],"wp:attachment":[{"href":"https:\/\/produccionestecnicas.com\/index.php\/wp-json\/wp\/v2\/media?parent=1591"}],"curies":[{"name":"wp","href":"https:\/\/api.w.org\/{rel}","templated":true}]}}