{"id":102,"date":"2019-03-20T22:03:31","date_gmt":"2019-03-20T21:03:31","guid":{"rendered":"http:\/\/produccionestecnicas.com\/index.php\/mesmerize\/"},"modified":"2024-03-11T11:20:54","modified_gmt":"2024-03-11T10:20:54","slug":"mesmerize-2","status":"publish","type":"page","link":"https:\/\/produccionestecnicas.com\/","title":{"rendered":"Inicio"},"content":{"rendered":"<div  data-label=\"vinylexperienceinicio\" data-id=\"content--3\" data-export-id=\"content-13\" data-category=\"content\" class=\"content-13 content-section content-section-spacing\" id=\"vinylexperienceinicio\" style=\"background-color: rgb(255, 255, 255); background-image: url(&quot;http:\/\/produccionestecnicas.com\/wp-content\/uploads\/2023\/05\/bola-discoteca-carlos-marchante.jpg&quot;); background-size: cover; background-position: center top;\" data-section-ov=\"1\"><div  class=\"\"> <div  class=\"row text-center\"><div  class=\"section-title-col\" data-type=\"column\"> <h2  class=\"\"><span  style=\"font-family: Quicksand, arial, helvetica, sans-serif; font-weight: 700;\">VINYL EXPERIENCE by Carlos Marchante<\/span><\/h2> <p  class=\"lead\" style=\"text-align: center;\"><span  style=\"font-weight: 400;\">Dos platos Technics SL-1200M7L 50th Aniversario Blue, un mixer Pioneer DJ DJM-S11 y una caja con la mejor selecci\u00f3n de discos de vinilo. ABBA, a-ha, Barry White, Bronski Beat, Culture Club, Earth, Wind &amp; Fire, Everything But The Girl, M People, Madonna, Michael Jackson, New Order, Pet Shop Boys, Rick Astley, Soft Cell, The Communards, The Jacksons\u2026 y muchos m\u00e1s!\n<br >Disco, deep euro house, italian disco, soul, vocal house, new wave pop, funk, classic rock, dance pop, r&amp;b\u2026 escoge las canciones y lo \u201cpincho\u201d en directo con una elegante puesta en escena.<\/span><\/p><a class=\"button force-shadow color3 outline\" href=\"https:\/\/produccionestecnicas.com\/index.php\/dj-2\/#vinylexperience\" target=\"_self\" data-cp-link=\"1\" data-icon=\"fa-spotify\" rel=\"noopener\"><span  class=\"button-icon fa fa-spotify\"><\/span>Playlist VINIYL EXPERIENCE SELECTION \u2013 SIDE A<\/a><\/div> <\/div> <div  class=\"row center-xs middle-xs\"> <div  class=\"col-xs col-sm-8 space-bottom image-group-bottom-3\"> <img  decoding=\"async\" class=\"left-img shadow-large-black\" src=\"http:\/\/produccionestecnicas.com\/wp-content\/uploads\/2023\/05\/discoteca-disco-vinilo.jpg\" title=\"discoteca-disco-vinilo\" alt=\"\"> <img  decoding=\"async\" class=\"center-img shadow-large-black\" src=\"http:\/\/produccionestecnicas.com\/wp-content\/uploads\/2023\/05\/Discoteca-vinilos-technics-pioneer.jpg\" title=\"Discoteca-vinilos-technics-pioneer\" alt=\"\"> <img  decoding=\"async\" class=\"right-img shadow-large-black\" src=\"http:\/\/produccionestecnicas.com\/wp-content\/uploads\/2023\/05\/carlos-marchante-discos-vinilo.jpg\" title=\"carlos-marchante-discos-vinilo\" alt=\"\"><\/div> <\/div><\/div> <\/div><div  data-label=\"productos\" data-id=\"features--4\" data-export-id=\"features-13\" data-category=\"features\" class=\"features-13 content-section content-section-spacing perfect_white content-relative\" id=\"productos\" data-section-ov=\"1\"><div  class=\"\"> <div  class=\"row text-center\"><div  class=\"section-title-col\" data-type=\"column\"> <h2  class=\"\"><span  style=\"font-weight: 700;\">Todo lo que puedas necesitar<\/span><\/h2> <p  class=\"lead\"><span  style=\"font-family: Montserrat, arial, helvetica, sans-serif; font-weight: 500;\">Boda, evento de empresa, fiesta particular, cumplea\u00f1os, etc.<\/span><br ><span  style=\"font-family: Montserrat, arial, helvetica, sans-serif; font-weight: 500;\">\nExpl\u00edcanos tu idea y te ayudaremos a realizarla.<\/span><br ><span  style=\"font-family: Montserrat, arial, helvetica, sans-serif; font-weight: 500;\">\nSonido, microfon\u00eda, discotecas, grupos de m\u00fasica, presentadores, actores, magos, iluminaci\u00f3n, cortinas de microbombilla, guirnaldas de bombilla, proyecciones, monitores, m\u00f3dulos led, etc.<\/span><br ><span  style=\"font-family: Montserrat, arial, helvetica, sans-serif; font-weight: 500;\">\nSi no lo encuentras te lo buscamos.<\/span><\/p><\/div> <\/div> <div  class=\"row spaced-cols content-center-sm\" data-type=\"row\"> <div  class=\"col col-sm-6 space-bottom col-md-2\"> <a data-cp-link=\"1\" href=\"https:\/\/produccionestecnicas.com\/index.php\/que-hacemos\/#audio\" class=\"\" target=\"_self\" rel=\"noopener\"><\/a><a data-cp-link=\"1\" href=\"https:\/\/produccionestecnicas.com\/index.php\/que-hacemos\/#audio\" target=\"_self\" rel=\"noopener\" class=\"\"><i  class=\"fa icon fa-volume-up bordered round big color3\"><\/i><\/a> <h4  class=\"\"><span  style=\"font-weight: 700;\">AUDIO<\/span><\/h4> <p  class=\"\" style=\"text-align: center;\">El sonido hace que cada evento sea \u00fanico, un buen sonido hace que la velada sea acogedora, agradable e inolvidable. Es necesario un montaje adecuado para dar claridad, potencia para la microfon\u00eda y las m\u00fasica.<span  id=\"_mce_caret\" data-mce-bogus=\"1\" data-mce-type=\"format-caret\"><span  style=\"font-family: Montserrat, arial, helvetica, sans-serif; font-weight: 400;\">\ufeff<\/span><\/span><\/p> <\/div> <div  class=\"col col-sm-6 space-bottom col-md-2\"><a data-cp-link=\"1\" href=\"https:\/\/produccionestecnicas.com\/index.php\/que-hacemos\" class=\"\" target=\"_self\" rel=\"noopener\"><i  class=\"fa icon fa-lightbulb-o bordered round big color3\"><\/i><\/a> <h4  class=\"\"><span  style=\"font-weight: 700;\">ILUMINAC\u00cdON<\/span><\/h4> <p  class=\"\" style=\"text-align: center;\"><span  style=\"font-family: Montserrat, arial, helvetica, sans-serif; font-weight: 400;\">Siempre necesaria en cualquier montaje, pista de baile espectacular, potencia los espacios con luz indirecta, resalta la arquitectura, decora con cortinas o da protagonismo de un momento con un ca\u00f1\u00f3n de luz.<\/span><\/p> <\/div> <div  class=\"col col-sm-6 space-bottom col-md-2\"><a data-cp-link=\"1\" href=\"https:\/\/produccionestecnicas.com\/index.php\/dj\/#djcarlosmarchante1\" class=\"\" target=\"_self\" rel=\"noopener\"><i  class=\"fa icon fa-headphones bordered round big color3\"><\/i><\/a> <h4  class=\"\"><span  style=\"font-weight: 700;\">DJ<\/span><\/h4> <p  class=\"\" style=\"text-align: center;\"><span  style=\"font-family: Montserrat, arial, helvetica, sans-serif; font-weight: 400;\">30 a\u00f1os de dedicaci\u00f3n y m\u00e1s de 750 actuaciones hacen que tenga experiencia, habilidad y profesionalidad para saber interpretar lo que los invitados quieren bailar durante una sesi\u00f3n.<\/span><\/p> <\/div> <div  class=\"col col-sm-6 space-bottom col-md-2\"><a data-cp-link=\"1\" href=\"https:\/\/produccionestecnicas.com\/index.php\/dj\/#radiocarlitos2\" class=\"\" target=\"_self\" rel=\"noopener\"><i  class=\"fa icon fa-music bordered round big color3\"><\/i><\/a> <h4  class=\"\"><span  style=\"font-weight: 700;\">LISTAS<\/span><\/h4> <p  class=\"\"><span  style=\"font-family: Montserrat, arial, helvetica, sans-serif; font-weight: 400;\">Las mejores listas de m\u00fasica, el top-ten de los temas m\u00e1s escuchados hasta el momento, las mejores canciones de todos los estilos y m\u00fasica de la historia. S\u00edguelas, desc\u00e1rgatelas y esc\u00fachalas en modo offline en Spotify.<\/span><\/p> <\/div> <div  class=\"col col-sm-6 space-bottom col-md-2\"> <a data-cp-link=\"1\" href=\"https:\/\/produccionestecnicas.com\/index.php\/que-hacemos\/#artistas\" class=\"\" target=\"_self\" rel=\"noopener\"><i  class=\"fa icon fa-pied-piper-alt bordered round big color3\"><\/i><\/a> <h4  class=\"\"><span  style=\"font-weight: 700;\">ARTISTAS<\/span><\/h4> <p  class=\"\"><span  style=\"font-family: Montserrat, arial, helvetica, sans-serif; font-weight: 400;\">Los artistas complementan, actores, m\u00fasicos, magos, etc. dan un toque personal el d\u00eda de tu boda o evento. Sorprende a los invitados con actuaciones y ofr\u00e9celes una experiencia que no olvidar\u00e1n nunca.<\/span><\/p> <\/div><div  class=\"col col-sm-6 space-bottom col-md-2\"> <a data-cp-link=\"1\" href=\"https:\/\/produccionestecnicas.com\/index.php\/que-hacemos\/#otrosproductos\" class=\"\" target=\"_self\" rel=\"noopener\"><i  class=\"fa icon fa-th bordered round big color3\"><\/i><\/a> <h4  class=\"\"><span  style=\"font-weight: 700;\">PRODUCTOS<\/span><span  id=\"_mce_caret\" data-mce-bogus=\"1\" data-mce-type=\"format-caret\"><span  style=\"font-weight: 700;\">\ufeff<\/span><\/span><\/h4> <p  class=\"\"><span  style=\"font-family: Montserrat, arial, helvetica, sans-serif; font-weight: 400;\">Aqu\u00ed encontraras todo lo necesario para completar tu evento o boda. Te ayudamos en lo que m\u00e1s necesitas, tu tiempo nos importa, en definitiva todo los extras necesarios para hacer un d\u00eda inolvidable para tus invitados.<\/span><\/p> <\/div><\/div><\/div> <\/div><div  data-label=\"llamada1\" data-id=\"cta--1\" data-export-id=\"cta-centered-section-grid\" data-category=\"cta\" class=\"cta-centered-section-grid content-section content-section-spacing-medium bg-color1 white-text\" id=\"llamada1-1\" style=\"background-image: url(&quot;http:\/\/produccionestecnicas.com\/wp-content\/uploads\/2022\/03\/Iluminacion-pista-baile.jpg&quot;); background-size: cover; background-position: center top;\" data-section-ov=\"1\"><div  class=\"\"> <div  class=\"row text-center\"><div  class=\"col-xs-12 col-sm-10 col-sm-offset-1 col-md-8 col-md-offset-2\" data-type=\"column\"> <h2  class=\"\"><span  style=\"font-family: Quicksand, arial, helvetica, sans-serif; font-weight: 700;\">Si no lo encuentras cu\u00e9ntanos y te ayudamos<\/span><\/h2> <p  class=\"\">Sonorizaciones, discotecas, iluminaci\u00f3n pista de baile, ambiental, arquitect\u00f3nica, cortinas de luces, guirnaldas, ca\u00f1\u00f3n de seguimiento, iluminaci\u00f3n de buffet &amp; mesas con soluciones con bater\u00eda, artistas, video &amp; proyecciones, tarimas &amp; escenarios, fuegos fr\u00edos, letras con bombillas, fotomat\u00f3n, globos, caricaturistas, guitarristas,&nbsp; d\u00fao de violines , grupos de versiones, bailaoras de flamenco, zancudos, grupos de jazz-bossa-nova, cuarteos de cuerda, espect\u00e1culo durante la discoteca, bandas de rock, etc.<br >Todo es posible.&nbsp; &nbsp;<\/p> <a class=\"button force-shadow color2 outline\" href=\"https:\/\/produccionestecnicas.com\/index.php\/que-hacemos\" target=\"_self\" data-cp-link=\"1\" data-icon=\"\" rel=\"noopener\">Productos<\/a><a class=\"button force-shadow color2 outline\" href=\"https:\/\/produccionestecnicas.com\/index.php\/contacto\" target=\"_self\" data-cp-link=\"1\" data-icon=\"fa-pencil-square-o\" rel=\"noopener\"><span  class=\"button-icon fa fa-pencil-square-o\"><\/span>Cu\u00e9ntanos<\/a><\/div> <\/div><\/div> <\/div><div  data-label=\"carlosmarchante\" data-id=\"about--1\" data-export-id=\"about-10\" data-category=\"about\" class=\"about-10 content-section content-section-spacing perfect_white\" id=\"carlosmarchante\"><div  class=\"\"> <div  class=\"row middle-sm text-center\"><div  class=\"col-sm-5 space-bottom-xs content-column content-center-sm\" data-type=\"column\"> <h5  class=\"\"><span  style=\"font-family: Quicksand, arial, helvetica, sans-serif; font-weight: 700;\">CARLOS MARCHANTE<\/span><\/h5> <h2  class=\"\"><span  style=\"font-weight: 700;\">Producciones t\u00e9cnicas para bodas y eventos<\/span><\/h2> <p  class=\"\">No solo DJ, tambi\u00e9n me ocupo de sonorizar todos los espacios, dise\u00f1ar la iluminaci\u00f3n necesaria para cada ocasi\u00f3n, todo lo relacionado con video &amp; proyecciones y buscar los artistas necesarios para sorprender a los invitados.\n<br >Todo con una dedicaci\u00f3n absoluta, m\u00e1xima profesionalidad y transparencia.\n<br >Solo hago una producci\u00f3n por d\u00eda.<\/p> <a class=\"button force-shadow color3 outline\" href=\"https:\/\/produccionestecnicas.com\/index.php\/carlos-marchante\" target=\"_self\" data-cp-link=\"1\" data-icon=\"fa-hand-o-right\" rel=\"noopener\">Carlos Marchante<\/a><a class=\"button force-shadow color3 outline\" href=\"https:\/\/produccionestecnicas.com\/index.php\/dj\" target=\"_self\" data-cp-link=\"1\" data-icon=\"fa-headphones\" rel=\"noopener\"><span  class=\"button-icon fa fa-headphones\"><\/span><\/a><a class=\"button force-shadow color3 outline\" href=\"https:\/\/produccionestecnicas.com\/index.php\/contacto\" target=\"_self\" data-cp-link=\"1\" data-icon=\"fa-file-text\" rel=\"noopener\">\u00bfHablamos?<\/a><\/div> <div  class=\"col-sm-7 flexbox middle-xs center-xs space-bottom-xs first-xs last-sm\"><div  class=\"overlay-box middle-xs center-xs flexbox\"> <div  class=\"overlay-box-offset offset-border shadow-medium border-color1\"><\/div> <img  loading=\"lazy\" decoding=\"async\" class=\"shadow-large\" data-size=\"485x705\" src=\"https:\/\/i0.wp.com\/www.carlosmarchante.com\/test\/wp-content\/uploads\/2022\/04\/zancudos-carlos-marchante.jpg?w=3840\" title=\"zancudos-carlos-marchante\" alt=\"\" width=\"485\" height=\"705\"><\/div> <\/div><\/div> <\/div><\/div><div  data-label=\"espacios\" data-id=\"cta--3\" data-export-id=\"cta-centered-section-grid\" data-category=\"cta\" class=\"cta-centered-section-grid content-section content-section-spacing-medium bg-color1 white-text\" id=\"espacios\" style=\"background-image: url(&quot;http:\/\/produccionestecnicas.com\/wp-content\/uploads\/2022\/07\/iluminacion-sonido-audiovisuales.jpg&quot;); background-size: cover; background-position: center top;\" data-section-ov=\"1\"><div  class=\"gridContainer\"> <div  class=\"row text-center\"><div  class=\"col-xs-12 col-sm-10 col-sm-offset-1 col-md-8 col-md-offset-2\" data-type=\"column\"> <h2  class=\"\"><span  style=\"font-family: Quicksand, arial, helvetica, sans-serif; font-weight: 700;\">Gesti\u00f3n t\u00e9cnica de espacios de bodas y eventos<\/span><span  id=\"_mce_caret\" data-mce-bogus=\"1\" data-mce-type=\"format-caret\"><span  style=\"font-family: Quicksand, arial, helvetica, sans-serif;\">\ufeff<\/span><\/span><\/h2> <p  class=\"\">\u00bfTienes un espacio?<br >\nSomos especialistas en instalar todo lo necesario en cuanto a sonido, iluminaci\u00f3n, audiovisuales y explotar la instalaci\u00f3n. Nuestra f\u00f3rmula no es de exclusividad. Si el cliente tiene su DJ o su productora, no hay problema en que trabajen en el espacio.<span  id=\"_mce_caret\" data-mce-bogus=\"1\" data-mce-type=\"format-caret\"><span  style=\"font-family: Montserrat, arial, helvetica, sans-serif;\">\ufeff<\/span><\/span><\/p> <a class=\"button color2 outline\" href=\"https:\/\/produccionestecnicas.com\/index.php\/contacto\" target=\"_self\" data-cp-link=\"1\" data-icon=\"\" rel=\"noopener\">Escr\u00edbenos<\/a><\/div> <\/div><\/div> <\/div><div  data-label=\"Bodas\" data-id=\"content--2\" data-export-id=\"content-15\" data-category=\"content\" class=\"content-15 content-section content-section-spacing perfect_white\" id=\"bodas\"><div  class=\"\"> <div  class=\"row middle-sm\"><div  class=\"col-sm-6 flexbox around-xs top-xs space-bottom-xs space-top-xs\"> <div  class=\"overlay-box flexbox middle-xs center-xs overlay-holder\"><div  class=\"overlay-box-offset shadow-medium border-color2 offset-border\"><\/div> <img  decoding=\"async\" loading=\"lazy\" class=\"flexbox shadow-large img1\" data-size=\"500x500\" src=\"https:\/\/i0.wp.com\/www.carlosmarchante.com\/test\/wp-content\/uploads\/2022\/04\/bodas-carlos-marchante.jpg?w=3840\" title=\"bodas-carlos-marchante\" alt=\"\" width=\"400\" height=\"400\"><\/div> <\/div> <div  class=\"col-sm-6 first-xs last-sm content-center-sm\" data-type=\"column\"> <h2  class=\"\" style=\"text-align: center;\"><span  style=\"font-weight: 700;\">Monta tu boda paso a paso<\/span><\/h2> <p  class=\"\" style=\"text-align: center;\"><span  style=\"font-family: Montserrat, arial, helvetica, sans-serif; font-weight: 500;\">Te casas? Echa un vistazo a todo lo que puedo hacer por ti en el d\u00eda m\u00e1s importante de tu vida.<\/span><br ><span  style=\"font-family: Montserrat, arial, helvetica, sans-serif; font-weight: 500;\">\nSonorizaci\u00f3n de la ceremonia, grupos en directo para el aperitivo, figurantes, banquete con audiovisuales, discoteca con Dj y una actuaci\u00f3n sorprendente, adem\u00e1s de iluminaci\u00f3n espectacular, realmente hasta donde llegue tu imaginaci\u00f3n!<\/span><\/p> <a class=\"button force-shadow color3 outline\" href=\"https:\/\/produccionestecnicas.com\/index.php\/monta-tu-boda\" target=\"_self\" data-cp-link=\"1\" data-icon=\"\" rel=\"noopener\">Monta tu boda<\/a><a class=\"button force-shadow color3 outline\" href=\"https:\/\/produccionestecnicas.com\/index.php\/contacto\" target=\"_self\" data-cp-link=\"1\" data-icon=\"\" rel=\"noopener\">\u00bfMe cuentas?<\/a><\/div> <\/div><\/div> <\/div><div  data-label=\"djmusicos\" data-id=\"cta--2\" data-export-id=\"cta-centered-section-grid\" data-category=\"cta\" class=\"cta-centered-section-grid content-section content-section-spacing-medium bg-color1 white-text\" id=\"djmusicos\" style=\"background-image: url(&quot;http:\/\/produccionestecnicas.com\/wp-content\/uploads\/2022\/07\/sonorizacion-carlos-marchante.jpg&quot;); background-size: cover; background-position: center top;\" data-section-ov=\"1\"><div  class=\"gridContainer\"> <div  class=\"row text-center\"><div  class=\"col-xs-12 col-sm-10 col-sm-offset-1 col-md-8 col-md-offset-2\" data-type=\"column\"> <h2  class=\"\"><span  style=\"font-family: Quicksand, arial, helvetica, sans-serif; font-weight: 700;\">\u00bfEres DJ, m\u00fasico, una banda o un grupo?<\/span><span  id=\"_mce_caret\" data-mce-bogus=\"1\" data-mce-type=\"format-caret\"><span  style=\"font-family: Quicksand, arial, helvetica, sans-serif; font-weight: 700;\">\ufeff<\/span><\/span><\/h2> <p  class=\"\">Si no ten\u00e9is web y tampoco ten\u00e9is equipos o simplemente vuestro trabajo es actuar y no montar los equipos de sonido e iluminaci\u00f3n, os ayudamos a tener una p\u00e1gina en nuestra web para poder promocionaros y que vuestros clientes puedan ver vuestro trabajo.<br >\nNosotros a cambio haremos un estudio t\u00e9cnico para saber las necesidades de la actuaci\u00f3n, os montamos los equipos de sonido, iluminaci\u00f3n, todo lo necesario para que pod\u00e1is actuar sin complicaciones y sin preocuparos del montaje ni desmontaje.<br >\nAdem\u00e1s, si no ten\u00e9is tiempo, os podemos gestionar la agenda y necesidades de la petici\u00f3n sin interferir en la relaci\u00f3n vuestra con el cliente.<\/p> <a class=\"button color2 outline\" href=\"https:\/\/produccionestecnicas.com\/index.php\/contacto\" target=\"_self\" data-cp-link=\"1\" data-icon=\"\" rel=\"noopener\">\u00bfHablamos?<\/a><\/div> <\/div><\/div> <\/div><p  style=\"text-align: center;\"><\/p>","protected":false},"excerpt":{"rendered":"<p>VINYL EXPERIENCE by Carlos Marchante Dos platos Technics SL-1200M7L 50th Aniversario Blue, un mixer Pioneer DJ DJM-S11 y una caja con la mejor selecci\u00f3n de discos de vinilo. ABBA, a-ha, Barry White, Bronski Beat, Culture Club, Earth, Wind &amp; Fire, Everything But The Girl, M People, Madonna, Michael Jackson, New Order, Pet Shop Boys, Rick&hellip; <br \/> <a class=\"read-more\" href=\"https:\/\/produccionestecnicas.com\/\">Read more<\/a><\/p>\n","protected":false},"author":1,"featured_media":0,"parent":0,"menu_order":0,"comment_status":"closed","ping_status":"closed","template":"page-templates\/homepage.php","meta":{"advanced_seo_description":"","jetpack_seo_html_title":"","jetpack_seo_noindex":false,"jetpack_post_was_ever_published":false,"footnotes":""},"class_list":["post-102","page","type-page","status-publish","hentry"],"jetpack_sharing_enabled":true,"jetpack_shortlink":"https:\/\/wp.me\/PaWBre-1E","jetpack_likes_enabled":true,"jetpack-related-posts":[],"_links":{"self":[{"href":"https:\/\/produccionestecnicas.com\/index.php\/wp-json\/wp\/v2\/pages\/102","targetHints":{"allow":["GET"]}}],"collection":[{"href":"https:\/\/produccionestecnicas.com\/index.php\/wp-json\/wp\/v2\/pages"}],"about":[{"href":"https:\/\/produccionestecnicas.com\/index.php\/wp-json\/wp\/v2\/types\/page"}],"author":[{"embeddable":true,"href":"https:\/\/produccionestecnicas.com\/index.php\/wp-json\/wp\/v2\/users\/1"}],"replies":[{"embeddable":true,"href":"https:\/\/produccionestecnicas.com\/index.php\/wp-json\/wp\/v2\/comments?post=102"}],"version-history":[{"count":68,"href":"https:\/\/produccionestecnicas.com\/index.php\/wp-json\/wp\/v2\/pages\/102\/revisions"}],"predecessor-version":[{"id":2558,"href":"https:\/\/produccionestecnicas.com\/index.php\/wp-json\/wp\/v2\/pages\/102\/revisions\/2558"}],"wp:attachment":[{"href":"https:\/\/produccionestecnicas.com\/index.php\/wp-json\/wp\/v2\/media?parent=102"}],"curies":[{"name":"wp","href":"https:\/\/api.w.org\/{rel}","templated":true}]}}